{"id":470,"date":"2021-06-30T11:27:11","date_gmt":"2021-06-30T09:27:11","guid":{"rendered":"https:\/\/meyzieu.enjoycoiffure.fr\/?page_id=470"},"modified":"2023-02-21T10:19:47","modified_gmt":"2023-02-21T09:19:47","slug":"anniversaire-girly","status":"publish","type":"page","link":"https:\/\/meyzieu.enjoycoiffure.fr\/index.php\/anniversaire-girly\/","title":{"rendered":"ANNIVERSAIRE GIRLY"},"content":{"rendered":"\t\t<div data-elementor-type=\"wp-page\" data-elementor-id=\"470\" class=\"elementor elementor-470\" data-elementor-settings=\"[]\">\n\t\t\t\t\t\t\t<div class=\"elementor-section-wrap\">\n\t\t\t\t\t\t\t<section class=\"elementor-section elementor-top-section elementor-element elementor-element-1418f6e2 elementor-section-content-middle elementor-section-boxed elementor-section-height-default elementor-section-height-default\" data-id=\"1418f6e2\" data-element_type=\"section\" data-settings=\"{&quot;background_background&quot;:&quot;classic&quot;,&quot;shape_divider_bottom&quot;:&quot;opacity-fan&quot;}\">\n\t\t\t\t\t\t\t<div class=\"elementor-background-overlay\"><\/div>\n\t\t\t\t\t\t<div class=\"elementor-shape elementor-shape-bottom\" data-negative=\"false\">\n\t\t\t<svg xmlns=\"http:\/\/www.w3.org\/2000\/svg\" viewBox=\"0 0 283.5 19.6\" preserveAspectRatio=\"none\">\n\t<path class=\"elementor-shape-fill\" style=\"opacity:0.33\" d=\"M0 0L0 18.8 141.8 4.1 283.5 18.8 283.5 0z\"\/>\n\t<path class=\"elementor-shape-fill\" style=\"opacity:0.33\" d=\"M0 0L0 12.6 141.8 4 283.5 12.6 283.5 0z\"\/>\n\t<path class=\"elementor-shape-fill\" style=\"opacity:0.33\" d=\"M0 0L0 6.4 141.8 4 283.5 6.4 283.5 0z\"\/>\n\t<path class=\"elementor-shape-fill\" d=\"M0 0L0 1.2 141.8 4 283.5 1.2 283.5 0z\"\/>\n<\/svg>\t\t<\/div>\n\t\t\t\t\t<div class=\"elementor-container elementor-column-gap-no\">\n\t\t\t\t\t<div class=\"elementor-column elementor-col-100 elementor-top-column elementor-element elementor-element-6bb69594\" data-id=\"6bb69594\" data-element_type=\"column\" data-settings=\"{&quot;background_background&quot;:&quot;classic&quot;}\">\n\t\t\t<div class=\"elementor-widget-wrap elementor-element-populated\">\n\t\t\t\t\t\t\t\t<div class=\"elementor-element elementor-element-12f1f66b elementor-widget-tablet__width-initial elementor-widget elementor-widget-heading\" data-id=\"12f1f66b\" data-element_type=\"widget\" data-widget_type=\"heading.default\">\n\t\t\t\t<div class=\"elementor-widget-container\">\n\t\t\t<h2 class=\"elementor-heading-title elementor-size-default\"> --Mon atelier Girly--<\/h2>\t\t<\/div>\n\t\t\t\t<\/div>\n\t\t\t\t\t<\/div>\n\t\t<\/div>\n\t\t\t\t\t\t\t<\/div>\n\t\t<\/section>\n\t\t\t\t<section class=\"elementor-section elementor-top-section elementor-element elementor-element-1747f28 elementor-section-boxed elementor-section-height-default elementor-section-height-default\" data-id=\"1747f28\" data-element_type=\"section\">\n\t\t\t\t\t\t<div class=\"elementor-container elementor-column-gap-default\">\n\t\t\t\t\t<div class=\"elementor-column elementor-col-100 elementor-top-column elementor-element elementor-element-e325946\" data-id=\"e325946\" data-element_type=\"column\">\n\t\t\t<div class=\"elementor-widget-wrap elementor-element-populated\">\n\t\t\t\t\t\t\t\t<div class=\"elementor-element elementor-element-0c48e9f elementor-arrows-position-inside elementor-pagination-position-outside elementor-widget elementor-widget-image-carousel\" data-id=\"0c48e9f\" data-element_type=\"widget\" data-settings=\"{&quot;navigation&quot;:&quot;both&quot;,&quot;autoplay&quot;:&quot;yes&quot;,&quot;pause_on_hover&quot;:&quot;yes&quot;,&quot;pause_on_interaction&quot;:&quot;yes&quot;,&quot;autoplay_speed&quot;:5000,&quot;infinite&quot;:&quot;yes&quot;,&quot;speed&quot;:500}\" data-widget_type=\"image-carousel.default\">\n\t\t\t\t<div class=\"elementor-widget-container\">\n\t\t\t\t\t<div class=\"elementor-image-carousel-wrapper swiper-container\" dir=\"ltr\">\n\t\t\t<div class=\"elementor-image-carousel swiper-wrapper\">\n\t\t\t\t<div class=\"swiper-slide\"><figure class=\"swiper-slide-inner\"><img class=\"swiper-slide-image\" src=\"https:\/\/meyzieu.enjoycoiffure.fr\/wp-content\/uploads\/2021\/10\/DSC_9067-300x200.jpg\" alt=\"DSC_9067\" \/><\/figure><\/div><div class=\"swiper-slide\"><figure class=\"swiper-slide-inner\"><img class=\"swiper-slide-image\" src=\"https:\/\/meyzieu.enjoycoiffure.fr\/wp-content\/uploads\/2021\/10\/makeup5-300x200.jpg\" alt=\"makeup5\" \/><\/figure><\/div><div class=\"swiper-slide\"><figure class=\"swiper-slide-inner\"><img class=\"swiper-slide-image\" src=\"https:\/\/meyzieu.enjoycoiffure.fr\/wp-content\/uploads\/2021\/10\/DSC_9529-300x200.jpg\" alt=\"DSC_9529\" \/><\/figure><\/div>\t\t\t<\/div>\n\t\t\t\t\t\t\t\t\t\t\t\t<div class=\"swiper-pagination\"><\/div>\n\t\t\t\t\t\t\t\t\t\t\t\t\t<div class=\"elementor-swiper-button elementor-swiper-button-prev\">\n\t\t\t\t\t\t<i class=\"eicon-chevron-left\" aria-hidden=\"true\"><\/i>\n\t\t\t\t\t\t<span class=\"elementor-screen-only\">Pr\u00e9c\u00e9dent<\/span>\n\t\t\t\t\t<\/div>\n\t\t\t\t\t<div class=\"elementor-swiper-button elementor-swiper-button-next\">\n\t\t\t\t\t\t<i class=\"eicon-chevron-right\" aria-hidden=\"true\"><\/i>\n\t\t\t\t\t\t<span class=\"elementor-screen-only\">Suivant<\/span>\n\t\t\t\t\t<\/div>\n\t\t\t\t\t\t\t\t\t<\/div>\n\t\t\t\t<\/div>\n\t\t\t\t<\/div>\n\t\t\t\t\t<\/div>\n\t\t<\/div>\n\t\t\t\t\t\t\t<\/div>\n\t\t<\/section>\n\t\t\t\t<section class=\"elementor-section elementor-top-section elementor-element elementor-element-7d4f9547 elementor-section-boxed elementor-section-height-default elementor-section-height-default\" data-id=\"7d4f9547\" data-element_type=\"section\">\n\t\t\t\t\t\t<div class=\"elementor-container elementor-column-gap-default\">\n\t\t\t\t\t<div class=\"elementor-column elementor-col-100 elementor-top-column elementor-element elementor-element-7ffbcd94\" data-id=\"7ffbcd94\" data-element_type=\"column\">\n\t\t\t<div class=\"elementor-widget-wrap elementor-element-populated\">\n\t\t\t\t\t\t\t\t<div class=\"elementor-element elementor-element-7a0b459 elementor-widget elementor-widget-text-editor\" data-id=\"7a0b459\" data-element_type=\"widget\" data-widget_type=\"text-editor.default\">\n\t\t\t\t<div class=\"elementor-widget-container\">\n\t\t\t\t\t<div class=\"elementor-text-editor elementor-clearfix\"><p>La recette de ce moment super cool : Une pinc\u00e9e de coiffures tress\u00e9es, quelques grammes de Makeup Kids et un soup\u00e7on de bonbons et de boissons! Alors viens te faire chouchouter le temps d&rsquo;un moment de BeautyRigolade !&nbsp;<\/p>\n<p>Les ateliers &#8211; GIRLY PARTY &#8211; &nbsp;se d\u00e9roulent au salon. L&rsquo;espace Girly est privatis\u00e9 pour l&rsquo;occasion.&nbsp;<\/p>\n<p>Le tarif indiqu\u00e9 est par princesse. Sans nombre minimum. ( Si tu le souhaites, tu peux simplement venir avec ta best Friend ^^) &nbsp; &nbsp; &nbsp; &nbsp; &nbsp; &nbsp; &nbsp; &nbsp; &nbsp; &nbsp; &nbsp; &nbsp; &nbsp; &nbsp; &nbsp; &nbsp; &nbsp; &nbsp; &nbsp; &nbsp; &nbsp; &nbsp; &nbsp; &nbsp; &nbsp; &nbsp; &nbsp; &nbsp; &nbsp; &nbsp; &nbsp; &nbsp; &nbsp; &nbsp; &nbsp; &nbsp; &nbsp; &nbsp; &nbsp; &nbsp; &nbsp; &nbsp; &nbsp; &nbsp; &nbsp; &nbsp; &nbsp; &nbsp; &nbsp; &nbsp; &nbsp; &nbsp; &nbsp; &nbsp; &nbsp; &nbsp; &nbsp; &nbsp; &nbsp; &nbsp; &nbsp; &nbsp; &nbsp; &nbsp; &nbsp; &nbsp; &nbsp; &nbsp; &nbsp; &nbsp; &nbsp; &nbsp; &nbsp; &nbsp; &nbsp; &nbsp; &nbsp; &nbsp; &nbsp;Le temps de l&rsquo;atelier d\u00e9pend de la formule choisie ainsi que du nombre d&rsquo;invit\u00e9e. &nbsp; &nbsp; &nbsp; &nbsp; &nbsp; &nbsp; &nbsp; &nbsp; &nbsp; &nbsp; &nbsp; &nbsp; &nbsp; &nbsp; &nbsp; &nbsp; &nbsp; &nbsp; &nbsp; &nbsp; &nbsp; &nbsp; &nbsp; &nbsp; &nbsp; &nbsp; &nbsp; &nbsp; &nbsp; &nbsp; &nbsp; &nbsp; &nbsp; &nbsp; &nbsp; &nbsp; &nbsp; &nbsp; &nbsp; &nbsp; &nbsp; &nbsp; &nbsp; &nbsp; &nbsp; &nbsp; &nbsp; &nbsp; &nbsp; &nbsp; &nbsp; &nbsp; &nbsp; &nbsp; &nbsp; &nbsp; &nbsp; &nbsp; &nbsp;Les r\u00e9servations ou demande d&rsquo;infos se font directement par mail : enjoycoiffure@live.fr ( pr\u00e9cisez -anniversaire girly- en objet) &nbsp; &nbsp;<\/p>\n<p><br><\/p><\/div>\n\t\t\t\t<\/div>\n\t\t\t\t<\/div>\n\t\t\t\t\t<\/div>\n\t\t<\/div>\n\t\t\t\t\t\t\t<\/div>\n\t\t<\/section>\n\t\t\t\t<section class=\"elementor-section elementor-top-section elementor-element elementor-element-2ebc1984 elementor-section-boxed elementor-section-height-default elementor-section-height-default\" data-id=\"2ebc1984\" data-element_type=\"section\" data-settings=\"{&quot;background_background&quot;:&quot;classic&quot;}\">\n\t\t\t\t\t\t<div class=\"elementor-container elementor-column-gap-default\">\n\t\t\t\t\t<div class=\"elementor-column elementor-col-100 elementor-top-column elementor-element elementor-element-74c16fae\" data-id=\"74c16fae\" data-element_type=\"column\">\n\t\t\t<div class=\"elementor-widget-wrap elementor-element-populated\">\n\t\t\t\t\t\t\t\t<section class=\"elementor-section elementor-inner-section elementor-element elementor-element-4be56232 elementor-section-boxed elementor-section-height-default elementor-section-height-default\" data-id=\"4be56232\" data-element_type=\"section\" data-settings=\"{&quot;background_background&quot;:&quot;classic&quot;,&quot;animation&quot;:&quot;none&quot;}\">\n\t\t\t\t\t\t<div class=\"elementor-container elementor-column-gap-default\">\n\t\t\t\t\t<div class=\"elementor-column elementor-col-100 elementor-inner-column elementor-element elementor-element-265171f3\" data-id=\"265171f3\" data-element_type=\"column\">\n\t\t\t<div class=\"elementor-widget-wrap elementor-element-populated\">\n\t\t\t\t\t\t\t\t<div class=\"elementor-element elementor-element-7f917c elementor-widget__width-auto elementor-widget elementor-widget-heading\" data-id=\"7f917c\" data-element_type=\"widget\" data-settings=\"{&quot;_animation&quot;:&quot;none&quot;}\" data-widget_type=\"heading.default\">\n\t\t\t\t<div class=\"elementor-widget-container\">\n\t\t\t<h3 class=\"elementor-heading-title elementor-size-default\">Formule Coiffure Girly<\/h3>\t\t<\/div>\n\t\t\t\t<\/div>\n\t\t\t\t<div class=\"elementor-element elementor-element-5c7ebd69 elementor-widget__width-initial elementor-widget-tablet__width-initial elementor-widget-divider--view-line elementor-widget elementor-widget-divider\" data-id=\"5c7ebd69\" data-element_type=\"widget\" data-widget_type=\"divider.default\">\n\t\t\t\t<div class=\"elementor-widget-container\">\n\t\t\t\t\t<div class=\"elementor-divider\">\n\t\t\t<span class=\"elementor-divider-separator\">\n\t\t\t\t\t\t<\/span>\n\t\t<\/div>\n\t\t\t\t<\/div>\n\t\t\t\t<\/div>\n\t\t\t\t<div class=\"elementor-element elementor-element-635b2e8a elementor-widget__width-auto elementor-widget elementor-widget-heading\" data-id=\"635b2e8a\" data-element_type=\"widget\" data-settings=\"{&quot;_animation&quot;:&quot;none&quot;}\" data-widget_type=\"heading.default\">\n\t\t\t\t<div class=\"elementor-widget-container\">\n\t\t\t<h3 class=\"elementor-heading-title elementor-size-default\">20.00 \u20ac\n<\/h3>\t\t<\/div>\n\t\t\t\t<\/div>\n\t\t\t\t<div class=\"elementor-element elementor-element-6035ca1b elementor-widget elementor-widget-text-editor\" data-id=\"6035ca1b\" data-element_type=\"widget\" data-widget_type=\"text-editor.default\">\n\t\t\t\t<div class=\"elementor-widget-container\">\n\t\t\t\t\t<div class=\"elementor-text-editor elementor-clearfix\"><div class=\"col-sm-6 tarif-description\"><p>&#8211; Accueil des princesses &#8211; Atelier coiffure &#8211; Pause Bonbon &#8211;<\/p><\/div><\/div>\n\t\t\t\t<\/div>\n\t\t\t\t<\/div>\n\t\t\t\t\t<\/div>\n\t\t<\/div>\n\t\t\t\t\t\t\t<\/div>\n\t\t<\/section>\n\t\t\t\t<section class=\"elementor-section elementor-inner-section elementor-element elementor-element-76d0d430 elementor-section-boxed elementor-section-height-default elementor-section-height-default\" data-id=\"76d0d430\" data-element_type=\"section\" data-settings=\"{&quot;background_background&quot;:&quot;classic&quot;,&quot;animation&quot;:&quot;none&quot;}\">\n\t\t\t\t\t\t<div class=\"elementor-container elementor-column-gap-default\">\n\t\t\t\t\t\t\t\t<\/div>\n\t\t<\/section>\n\t\t\t\t<section class=\"elementor-section elementor-inner-section elementor-element elementor-element-7f98da82 elementor-section-boxed elementor-section-height-default elementor-section-height-default\" data-id=\"7f98da82\" data-element_type=\"section\" data-settings=\"{&quot;background_background&quot;:&quot;classic&quot;,&quot;animation&quot;:&quot;none&quot;}\">\n\t\t\t\t\t\t<div class=\"elementor-container elementor-column-gap-default\">\n\t\t\t\t\t\t\t\t<\/div>\n\t\t<\/section>\n\t\t\t\t<section class=\"elementor-section elementor-inner-section elementor-element elementor-element-336849fc elementor-section-boxed elementor-section-height-default elementor-section-height-default\" data-id=\"336849fc\" data-element_type=\"section\" data-settings=\"{&quot;background_background&quot;:&quot;classic&quot;,&quot;animation&quot;:&quot;none&quot;}\">\n\t\t\t\t\t\t<div class=\"elementor-container elementor-column-gap-default\">\n\t\t\t\t\t<div class=\"elementor-column elementor-col-100 elementor-inner-column elementor-element elementor-element-3bdcd99\" data-id=\"3bdcd99\" data-element_type=\"column\">\n\t\t\t<div class=\"elementor-widget-wrap elementor-element-populated\">\n\t\t\t\t\t\t\t\t<div class=\"elementor-element elementor-element-752ffd05 elementor-widget__width-auto elementor-widget elementor-widget-heading\" data-id=\"752ffd05\" data-element_type=\"widget\" data-settings=\"{&quot;_animation&quot;:&quot;none&quot;}\" data-widget_type=\"heading.default\">\n\t\t\t\t<div class=\"elementor-widget-container\">\n\t\t\t<h3 class=\"elementor-heading-title elementor-size-default\">Formule Coiffure&Makeup <\/h3>\t\t<\/div>\n\t\t\t\t<\/div>\n\t\t\t\t<div class=\"elementor-element elementor-element-60720fe2 elementor-widget__width-initial elementor-widget-tablet__width-initial elementor-widget-mobile__width-initial elementor-widget-divider--view-line elementor-widget elementor-widget-divider\" data-id=\"60720fe2\" data-element_type=\"widget\" data-widget_type=\"divider.default\">\n\t\t\t\t<div class=\"elementor-widget-container\">\n\t\t\t\t\t<div class=\"elementor-divider\">\n\t\t\t<span class=\"elementor-divider-separator\">\n\t\t\t\t\t\t<\/span>\n\t\t<\/div>\n\t\t\t\t<\/div>\n\t\t\t\t<\/div>\n\t\t\t\t<div class=\"elementor-element elementor-element-265681f7 elementor-widget__width-auto elementor-widget elementor-widget-heading\" data-id=\"265681f7\" data-element_type=\"widget\" data-settings=\"{&quot;_animation&quot;:&quot;none&quot;}\" data-widget_type=\"heading.default\">\n\t\t\t\t<div class=\"elementor-widget-container\">\n\t\t\t<h3 class=\"elementor-heading-title elementor-size-default\">30.00 \u20ac<\/h3>\t\t<\/div>\n\t\t\t\t<\/div>\n\t\t\t\t<div class=\"elementor-element elementor-element-40207b94 elementor-widget elementor-widget-text-editor\" data-id=\"40207b94\" data-element_type=\"widget\" data-widget_type=\"text-editor.default\">\n\t\t\t\t<div class=\"elementor-widget-container\">\n\t\t\t\t\t<div class=\"elementor-text-editor elementor-clearfix\"><p>&#8211; Acceuil des princesses -Atelier Coiffure &#8211; Pause bonbon &#8211; Atelier Maquillage au choix parmis plusieurs mod\u00e8les.<\/p><p>Cette prestation est \u00e9galement disponible pour une seule poup\u00e9e qui souhaite simplement se faire toute belle au salon ( sans forcement f\u00eater son anniversaire! )\u00a0<\/p><\/div>\n\t\t\t\t<\/div>\n\t\t\t\t<\/div>\n\t\t\t\t\t<\/div>\n\t\t<\/div>\n\t\t\t\t\t\t\t<\/div>\n\t\t<\/section>\n\t\t\t\t<section class=\"elementor-section elementor-inner-section elementor-element elementor-element-2d4ce88f elementor-section-boxed elementor-section-height-default elementor-section-height-default\" data-id=\"2d4ce88f\" data-element_type=\"section\" data-settings=\"{&quot;background_background&quot;:&quot;classic&quot;,&quot;animation&quot;:&quot;none&quot;}\">\n\t\t\t\t\t\t<div class=\"elementor-container elementor-column-gap-default\">\n\t\t\t\t\t\t\t\t<\/div>\n\t\t<\/section>\n\t\t\t\t<section class=\"elementor-section elementor-inner-section elementor-element elementor-element-477940f9 elementor-section-boxed elementor-section-height-default elementor-section-height-default\" data-id=\"477940f9\" data-element_type=\"section\" data-settings=\"{&quot;background_background&quot;:&quot;classic&quot;,&quot;animation&quot;:&quot;none&quot;}\">\n\t\t\t\t\t\t<div class=\"elementor-container elementor-column-gap-default\">\n\t\t\t\t\t\t\t\t<\/div>\n\t\t<\/section>\n\t\t\t\t\t<\/div>\n\t\t<\/div>\n\t\t\t\t\t\t\t<\/div>\n\t\t<\/section>\n\t\t\t\t<section class=\"elementor-section elementor-top-section elementor-element elementor-element-bc1c9d3 elementor-section-boxed elementor-section-height-default elementor-section-height-default\" data-id=\"bc1c9d3\" data-element_type=\"section\">\n\t\t\t\t\t\t<div class=\"elementor-container elementor-column-gap-default\">\n\t\t\t\t\t<div class=\"elementor-column elementor-col-25 elementor-top-column elementor-element elementor-element-e475376\" data-id=\"e475376\" data-element_type=\"column\">\n\t\t\t<div class=\"elementor-widget-wrap elementor-element-populated\">\n\t\t\t\t\t\t\t\t<div class=\"elementor-element elementor-element-a185e46 elementor-widget elementor-widget-image\" data-id=\"a185e46\" data-element_type=\"widget\" data-widget_type=\"image.default\">\n\t\t\t\t<div class=\"elementor-widget-container\">\n\t\t\t\t\t<div class=\"elementor-image\">\n\t\t\t\t\t\t\t\t\t\t<img width=\"684\" height=\"1024\" src=\"https:\/\/meyzieu.enjoycoiffure.fr\/wp-content\/uploads\/2021\/10\/shana-684x1024.jpg\" class=\"attachment-large size-large\" alt=\"\" loading=\"lazy\" srcset=\"https:\/\/meyzieu.enjoycoiffure.fr\/wp-content\/uploads\/2021\/10\/shana-684x1024.jpg 684w, https:\/\/meyzieu.enjoycoiffure.fr\/wp-content\/uploads\/2021\/10\/shana-200x300.jpg 200w, https:\/\/meyzieu.enjoycoiffure.fr\/wp-content\/uploads\/2021\/10\/shana-768x1151.jpg 768w, https:\/\/meyzieu.enjoycoiffure.fr\/wp-content\/uploads\/2021\/10\/shana-1025x1536.jpg 1025w, https:\/\/meyzieu.enjoycoiffure.fr\/wp-content\/uploads\/2021\/10\/shana-1367x2048.jpg 1367w, https:\/\/meyzieu.enjoycoiffure.fr\/wp-content\/uploads\/2021\/10\/shana-scaled.jpg 1709w\" sizes=\"(max-width: 684px) 100vw, 684px\" \/>\t\t\t\t\t\t\t\t\t\t\t<\/div>\n\t\t\t\t<\/div>\n\t\t\t\t<\/div>\n\t\t\t\t\t<\/div>\n\t\t<\/div>\n\t\t\t\t<div class=\"elementor-column elementor-col-25 elementor-top-column elementor-element elementor-element-0e2054f\" data-id=\"0e2054f\" data-element_type=\"column\">\n\t\t\t<div class=\"elementor-widget-wrap elementor-element-populated\">\n\t\t\t\t\t\t\t\t<div class=\"elementor-element elementor-element-d55b486 elementor-widget elementor-widget-image\" data-id=\"d55b486\" data-element_type=\"widget\" data-widget_type=\"image.default\">\n\t\t\t\t<div class=\"elementor-widget-container\">\n\t\t\t\t\t<div class=\"elementor-image\">\n\t\t\t\t\t\t\t\t\t\t<img width=\"684\" height=\"1024\" src=\"https:\/\/meyzieu.enjoycoiffure.fr\/wp-content\/uploads\/2021\/10\/pap1-684x1024.jpg\" class=\"attachment-large size-large\" alt=\"\" loading=\"lazy\" srcset=\"https:\/\/meyzieu.enjoycoiffure.fr\/wp-content\/uploads\/2021\/10\/pap1-684x1024.jpg 684w, https:\/\/meyzieu.enjoycoiffure.fr\/wp-content\/uploads\/2021\/10\/pap1-200x300.jpg 200w, https:\/\/meyzieu.enjoycoiffure.fr\/wp-content\/uploads\/2021\/10\/pap1-768x1150.jpg 768w, https:\/\/meyzieu.enjoycoiffure.fr\/wp-content\/uploads\/2021\/10\/pap1-1025x1536.jpg 1025w, https:\/\/meyzieu.enjoycoiffure.fr\/wp-content\/uploads\/2021\/10\/pap1-1367x2048.jpg 1367w, https:\/\/meyzieu.enjoycoiffure.fr\/wp-content\/uploads\/2021\/10\/pap1-scaled.jpg 1709w\" sizes=\"(max-width: 684px) 100vw, 684px\" \/>\t\t\t\t\t\t\t\t\t\t\t<\/div>\n\t\t\t\t<\/div>\n\t\t\t\t<\/div>\n\t\t\t\t\t<\/div>\n\t\t<\/div>\n\t\t\t\t<div class=\"elementor-column elementor-col-25 elementor-top-column elementor-element elementor-element-d745e58\" data-id=\"d745e58\" data-element_type=\"column\">\n\t\t\t<div class=\"elementor-widget-wrap elementor-element-populated\">\n\t\t\t\t\t\t\t\t<div class=\"elementor-element elementor-element-241181b elementor-widget elementor-widget-image\" data-id=\"241181b\" data-element_type=\"widget\" data-widget_type=\"image.default\">\n\t\t\t\t<div class=\"elementor-widget-container\">\n\t\t\t\t\t<div class=\"elementor-image\">\n\t\t\t\t\t\t\t\t\t\t<img width=\"684\" height=\"1024\" src=\"https:\/\/meyzieu.enjoycoiffure.fr\/wp-content\/uploads\/2021\/10\/DSC_9100-684x1024.jpg\" class=\"attachment-large size-large\" alt=\"\" loading=\"lazy\" srcset=\"https:\/\/meyzieu.enjoycoiffure.fr\/wp-content\/uploads\/2021\/10\/DSC_9100-684x1024.jpg 684w, https:\/\/meyzieu.enjoycoiffure.fr\/wp-content\/uploads\/2021\/10\/DSC_9100-200x300.jpg 200w, https:\/\/meyzieu.enjoycoiffure.fr\/wp-content\/uploads\/2021\/10\/DSC_9100-768x1150.jpg 768w, https:\/\/meyzieu.enjoycoiffure.fr\/wp-content\/uploads\/2021\/10\/DSC_9100-1025x1536.jpg 1025w, https:\/\/meyzieu.enjoycoiffure.fr\/wp-content\/uploads\/2021\/10\/DSC_9100-1367x2048.jpg 1367w, https:\/\/meyzieu.enjoycoiffure.fr\/wp-content\/uploads\/2021\/10\/DSC_9100-scaled.jpg 1709w\" sizes=\"(max-width: 684px) 100vw, 684px\" \/>\t\t\t\t\t\t\t\t\t\t\t<\/div>\n\t\t\t\t<\/div>\n\t\t\t\t<\/div>\n\t\t\t\t\t<\/div>\n\t\t<\/div>\n\t\t\t\t<div class=\"elementor-column elementor-col-25 elementor-top-column elementor-element elementor-element-dfcf2c9\" data-id=\"dfcf2c9\" data-element_type=\"column\">\n\t\t\t<div class=\"elementor-widget-wrap elementor-element-populated\">\n\t\t\t\t\t\t\t\t<div class=\"elementor-element elementor-element-733f8da elementor-widget elementor-widget-image\" data-id=\"733f8da\" data-element_type=\"widget\" data-widget_type=\"image.default\">\n\t\t\t\t<div class=\"elementor-widget-container\">\n\t\t\t\t\t<div class=\"elementor-image\">\n\t\t\t\t\t\t\t\t\t\t<img width=\"684\" height=\"1024\" src=\"https:\/\/meyzieu.enjoycoiffure.fr\/wp-content\/uploads\/2021\/10\/DSC_9253-684x1024.jpg\" class=\"attachment-large size-large\" alt=\"\" loading=\"lazy\" srcset=\"https:\/\/meyzieu.enjoycoiffure.fr\/wp-content\/uploads\/2021\/10\/DSC_9253-684x1024.jpg 684w, https:\/\/meyzieu.enjoycoiffure.fr\/wp-content\/uploads\/2021\/10\/DSC_9253-200x300.jpg 200w, https:\/\/meyzieu.enjoycoiffure.fr\/wp-content\/uploads\/2021\/10\/DSC_9253-768x1150.jpg 768w, https:\/\/meyzieu.enjoycoiffure.fr\/wp-content\/uploads\/2021\/10\/DSC_9253-1025x1536.jpg 1025w, https:\/\/meyzieu.enjoycoiffure.fr\/wp-content\/uploads\/2021\/10\/DSC_9253-1367x2048.jpg 1367w, https:\/\/meyzieu.enjoycoiffure.fr\/wp-content\/uploads\/2021\/10\/DSC_9253-scaled.jpg 1709w\" sizes=\"(max-width: 684px) 100vw, 684px\" \/>\t\t\t\t\t\t\t\t\t\t\t<\/div>\n\t\t\t\t<\/div>\n\t\t\t\t<\/div>\n\t\t\t\t\t<\/div>\n\t\t<\/div>\n\t\t\t\t\t\t\t<\/div>\n\t\t<\/section>\n\t\t\t\t\t\t<\/div>\n\t\t\t\t\t<\/div>\n\t\t","protected":false},"excerpt":{"rendered":"<p>&#8211;Mon atelier Girly&#8211; Pr\u00e9c\u00e9dent Suivant La recette de ce moment super cool : Une pinc\u00e9e de coiffures tress\u00e9es, quelques grammes de Makeup Kids et un soup\u00e7on de bonbons et de boissons! Alors viens te faire chouchouter le temps d&rsquo;un moment de BeautyRigolade !&nbsp; Les ateliers &#8211; GIRLY PARTY &#8211; &nbsp;se d\u00e9roulent au salon. L&rsquo;espace Girly&#8230;<\/p>\n","protected":false},"author":1,"featured_media":0,"parent":0,"menu_order":0,"comment_status":"closed","ping_status":"closed","template":"","meta":{"_themeisle_gutenberg_block_has_review":false,"_kad_post_transparent":"","_kad_post_title":"hide","_kad_post_layout":"fullwidth","_kad_post_sidebar_id":"","_kad_post_content_style":"unboxed","_kad_post_vertical_padding":"hide","_kad_post_feature":"hide","_kad_post_feature_position":"","_kad_post_header":false,"_kad_post_footer":false},"_links":{"self":[{"href":"https:\/\/meyzieu.enjoycoiffure.fr\/index.php\/wp-json\/wp\/v2\/pages\/470"}],"collection":[{"href":"https:\/\/meyzieu.enjoycoiffure.fr\/index.php\/wp-json\/wp\/v2\/pages"}],"about":[{"href":"https:\/\/meyzieu.enjoycoiffure.fr\/index.php\/wp-json\/wp\/v2\/types\/page"}],"author":[{"embeddable":true,"href":"https:\/\/meyzieu.enjoycoiffure.fr\/index.php\/wp-json\/wp\/v2\/users\/1"}],"replies":[{"embeddable":true,"href":"https:\/\/meyzieu.enjoycoiffure.fr\/index.php\/wp-json\/wp\/v2\/comments?post=470"}],"version-history":[{"count":38,"href":"https:\/\/meyzieu.enjoycoiffure.fr\/index.php\/wp-json\/wp\/v2\/pages\/470\/revisions"}],"predecessor-version":[{"id":905,"href":"https:\/\/meyzieu.enjoycoiffure.fr\/index.php\/wp-json\/wp\/v2\/pages\/470\/revisions\/905"}],"wp:attachment":[{"href":"https:\/\/meyzieu.enjoycoiffure.fr\/index.php\/wp-json\/wp\/v2\/media?parent=470"}],"curies":[{"name":"wp","href":"https:\/\/api.w.org\/{rel}","templated":true}]}}