{"id":72,"date":"2021-04-14T10:55:32","date_gmt":"2021-04-14T08:55:32","guid":{"rendered":"https:\/\/meyzieu.enjoycoiffure.fr\/?page_id=72"},"modified":"2023-02-21T11:59:54","modified_gmt":"2023-02-21T10:59:54","slug":"accueil","status":"publish","type":"page","link":"https:\/\/meyzieu.enjoycoiffure.fr\/","title":{"rendered":"ACCUEIL"},"content":{"rendered":"\t\t<div data-elementor-type=\"wp-page\" data-elementor-id=\"72\" class=\"elementor elementor-72\" data-elementor-settings=\"[]\">\n\t\t\t\t\t\t\t<div class=\"elementor-section-wrap\">\n\t\t\t\t\t\t\t<section class=\"elementor-section elementor-top-section elementor-element elementor-element-2fa6dbd5 elementor-section-content-middle elementor-section-boxed elementor-section-height-default elementor-section-height-default\" data-id=\"2fa6dbd5\" data-element_type=\"section\" data-settings=\"{&quot;background_background&quot;:&quot;classic&quot;,&quot;shape_divider_bottom&quot;:&quot;opacity-fan&quot;}\">\n\t\t\t\t\t\t\t<div class=\"elementor-background-overlay\"><\/div>\n\t\t\t\t\t\t<div class=\"elementor-shape elementor-shape-bottom\" data-negative=\"false\">\n\t\t\t<svg xmlns=\"http:\/\/www.w3.org\/2000\/svg\" viewBox=\"0 0 283.5 19.6\" preserveAspectRatio=\"none\">\n\t<path class=\"elementor-shape-fill\" style=\"opacity:0.33\" d=\"M0 0L0 18.8 141.8 4.1 283.5 18.8 283.5 0z\"\/>\n\t<path class=\"elementor-shape-fill\" style=\"opacity:0.33\" d=\"M0 0L0 12.6 141.8 4 283.5 12.6 283.5 0z\"\/>\n\t<path class=\"elementor-shape-fill\" style=\"opacity:0.33\" d=\"M0 0L0 6.4 141.8 4 283.5 6.4 283.5 0z\"\/>\n\t<path class=\"elementor-shape-fill\" d=\"M0 0L0 1.2 141.8 4 283.5 1.2 283.5 0z\"\/>\n<\/svg>\t\t<\/div>\n\t\t\t\t\t<div class=\"elementor-container elementor-column-gap-no\">\n\t\t\t\t\t<div class=\"elementor-column elementor-col-100 elementor-top-column elementor-element elementor-element-b5a3ce0\" data-id=\"b5a3ce0\" data-element_type=\"column\">\n\t\t\t<div class=\"elementor-widget-wrap elementor-element-populated\">\n\t\t\t\t\t\t\t\t<div class=\"elementor-element elementor-element-65fc793 animated-slow elementor-invisible elementor-widget elementor-widget-image\" data-id=\"65fc793\" data-element_type=\"widget\" data-settings=\"{&quot;_animation&quot;:&quot;rollIn&quot;,&quot;_animation_tablet&quot;:&quot;rollIn&quot;,&quot;_animation_mobile&quot;:&quot;rollIn&quot;}\" data-widget_type=\"image.default\">\n\t\t\t\t<div class=\"elementor-widget-container\">\n\t\t\t\t\t<div class=\"elementor-image\">\n\t\t\t\t\t\t\t\t\t\t<img width=\"300\" height=\"174\" src=\"https:\/\/meyzieu.enjoycoiffure.fr\/wp-content\/uploads\/2021\/04\/logo-300x174.png\" class=\"attachment-medium size-medium\" alt=\"\" loading=\"lazy\" srcset=\"https:\/\/meyzieu.enjoycoiffure.fr\/wp-content\/uploads\/2021\/04\/logo-300x174.png 300w, https:\/\/meyzieu.enjoycoiffure.fr\/wp-content\/uploads\/2021\/04\/logo-1024x594.png 1024w, https:\/\/meyzieu.enjoycoiffure.fr\/wp-content\/uploads\/2021\/04\/logo-768x445.png 768w, https:\/\/meyzieu.enjoycoiffure.fr\/wp-content\/uploads\/2021\/04\/logo-1536x891.png 1536w, https:\/\/meyzieu.enjoycoiffure.fr\/wp-content\/uploads\/2021\/04\/logo-e1676974524699.png 60w\" sizes=\"(max-width: 300px) 100vw, 300px\" \/>\t\t\t\t\t\t\t\t\t\t\t<\/div>\n\t\t\t\t<\/div>\n\t\t\t\t<\/div>\n\t\t\t\t<div class=\"elementor-element elementor-element-98a77cb elementor-align-center elementor-widget elementor-widget-button\" data-id=\"98a77cb\" data-element_type=\"widget\" data-widget_type=\"button.default\">\n\t\t\t\t<div class=\"elementor-widget-container\">\n\t\t\t\t\t<div class=\"elementor-button-wrapper\">\n\t\t\t<a href=\"https:\/\/onlinebooking.ikosoft.com\/841D20A531138832F89200022\/FRA\/Services\/ChooseGender\" class=\"elementor-button-link elementor-button elementor-size-sm\" role=\"button\">\n\t\t\t\t\t\t<span class=\"elementor-button-content-wrapper\">\n\t\t\t\t\t\t<span class=\"elementor-button-text\">Prendre rendez-vous en li<span style=\"text-decoration-thickness: initial; text-decoration-style: initial; text-decoration-color: initial;\">gne MEYZIEU<\/span> <\/span>\n\t\t<\/span>\n\t\t\t\t\t<\/a>\n\t\t<\/div>\n\t\t\t\t<\/div>\n\t\t\t\t<\/div>\n\t\t\t\t<section class=\"elementor-section elementor-inner-section elementor-element elementor-element-96ab3af elementor-section-boxed elementor-section-height-default elementor-section-height-default\" data-id=\"96ab3af\" data-element_type=\"section\">\n\t\t\t\t\t\t<div class=\"elementor-container elementor-column-gap-default\">\n\t\t\t\t\t<div class=\"elementor-column elementor-col-100 elementor-inner-column elementor-element elementor-element-50cbe5e\" data-id=\"50cbe5e\" data-element_type=\"column\">\n\t\t\t<div class=\"elementor-widget-wrap elementor-element-populated\">\n\t\t\t\t\t\t\t\t<div class=\"elementor-element elementor-element-cdf5cd5 elementor-grid-4 elementor-shape-rounded e-grid-align-center elementor-widget elementor-widget-social-icons\" data-id=\"cdf5cd5\" data-element_type=\"widget\" data-widget_type=\"social-icons.default\">\n\t\t\t\t<div class=\"elementor-widget-container\">\n\t\t\t\t\t<div class=\"elementor-social-icons-wrapper elementor-grid\">\n\t\t\t\t\t\t\t<div class=\"elementor-grid-item\">\n\t\t\t\t\t<a class=\"elementor-icon elementor-social-icon elementor-social-icon- elementor-animation-shrink elementor-repeater-item-5d4eb84\" href=\"https:\/\/www.facebook.com\/lateamenjoy\/\" target=\"_blank\">\n\t\t\t\t\t\t<span class=\"elementor-screen-only\"><\/span>\n\t\t\t\t\t\t<svg xmlns=\"http:\/\/www.w3.org\/2000\/svg\" xmlns:xlink=\"http:\/\/www.w3.org\/1999\/xlink\" id=\"Social_Icons\" viewBox=\"0 0 128 128\" xml:space=\"preserve\"><g id=\"_x31__stroke\"><g id=\"Facebook_1_\"><rect fill=\"none\" height=\"128\" width=\"128\"><\/rect><path clip-rule=\"evenodd\" d=\"M68.369,128H7.065C3.162,128,0,124.836,0,120.935    V7.065C0,3.162,3.162,0,7.065,0h113.871C124.837,0,128,3.162,128,7.065v113.87c0,3.902-3.163,7.065-7.064,7.065H88.318V78.431    h16.638l2.491-19.318H88.318V46.78c0-5.593,1.553-9.404,9.573-9.404l10.229-0.004V20.094c-1.769-0.235-7.841-0.761-14.906-0.761    c-14.749,0-24.846,9.003-24.846,25.535v14.246H51.688v19.318h16.681V128z\" fill=\"#4460A0\" fill-rule=\"evenodd\" id=\"Facebook\"><\/path><\/g><\/g><\/svg>\t\t\t\t\t<\/a>\n\t\t\t\t<\/div>\n\t\t\t\t\t\t\t<div class=\"elementor-grid-item\">\n\t\t\t\t\t<a class=\"elementor-icon elementor-social-icon elementor-social-icon- elementor-animation-shrink elementor-repeater-item-bf54d65\" href=\"https:\/\/www.instagram.com\/enjoy_coiffure_enfant\/?hl=fr\" target=\"_blank\">\n\t\t\t\t\t\t<span class=\"elementor-screen-only\"><\/span>\n\t\t\t\t\t\t<svg xmlns=\"http:\/\/www.w3.org\/2000\/svg\" xmlns:xlink=\"http:\/\/www.w3.org\/1999\/xlink\" viewBox=\"0 0 64 64\"><defs><style>.cls-1{fill:url(#radial-gradient);}.cls-2{fill:#fff;}<\/style><radialGradient cx=\"-578.95\" cy=\"-837.6\" gradientTransform=\"translate(499.5 629.5) scale(0.75)\" gradientUnits=\"userSpaceOnUse\" id=\"radial-gradient\" r=\"197.06\"><stop offset=\"0\" stop-color=\"#f9ed32\"><\/stop><stop offset=\"0.36\" stop-color=\"#ee2a7b\"><\/stop><stop offset=\"0.44\" stop-color=\"#d22a8a\"><\/stop><stop offset=\"0.6\" stop-color=\"#8b2ab2\"><\/stop><stop offset=\"0.83\" stop-color=\"#1b2af0\"><\/stop><stop offset=\"0.88\" stop-color=\"#002aff\"><\/stop><\/radialGradient><\/defs><title><\/title><g data-name=\"3-instagram\" id=\"_3-instagram\"><rect class=\"cls-1\" height=\"64\" rx=\"11.2\" ry=\"11.2\" transform=\"translate(64 64) rotate(180)\" width=\"64\"><\/rect><path class=\"cls-2\" d=\"M44,56H20A12,12,0,0,1,8,44V20A12,12,0,0,1,20,8H44A12,12,0,0,1,56,20V44A12,12,0,0,1,44,56ZM20,12.8A7.21,7.21,0,0,0,12.8,20V44A7.21,7.21,0,0,0,20,51.2H44A7.21,7.21,0,0,0,51.2,44V20A7.21,7.21,0,0,0,44,12.8Z\"><\/path><path class=\"cls-2\" d=\"M32,45.6A13.6,13.6,0,1,1,45.6,32,13.61,13.61,0,0,1,32,45.6Zm0-22.4A8.8,8.8,0,1,0,40.8,32,8.81,8.81,0,0,0,32,23.2Z\"><\/path><circle class=\"cls-2\" cx=\"45.6\" cy=\"19.2\" r=\"2.4\"><\/circle><\/g><\/svg>\t\t\t\t\t<\/a>\n\t\t\t\t<\/div>\n\t\t\t\t\t\t\t<div class=\"elementor-grid-item\">\n\t\t\t\t\t<a class=\"elementor-icon elementor-social-icon elementor-social-icon- elementor-animation-shrink elementor-repeater-item-de15027\" href=\"https:\/\/www.youtube.com\/channel\/UCcYUeJtxaecyETnr8YDgHZw\" target=\"_blank\">\n\t\t\t\t\t\t<span class=\"elementor-screen-only\"><\/span>\n\t\t\t\t\t\t<svg xmlns=\"http:\/\/www.w3.org\/2000\/svg\" height=\"800\" width=\"1200\" viewBox=\"-35.20005 -41.33325 305.0671 247.9995\"><path d=\"M229.763 25.817c-2.699-10.162-10.65-18.165-20.748-20.881C190.716 0 117.333 0 117.333 0S43.951 0 25.651 4.936C15.553 7.652 7.6 15.655 4.903 25.817 0 44.236 0 82.667 0 82.667s0 38.429 4.903 56.85C7.6 149.68 15.553 157.681 25.65 160.4c18.3 4.934 91.682 4.934 91.682 4.934s73.383 0 91.682-4.934c10.098-2.718 18.049-10.72 20.748-20.882 4.904-18.421 4.904-56.85 4.904-56.85s0-38.431-4.904-56.85\" fill=\"red\"><\/path><path d=\"M93.333 117.559l61.333-34.89-61.333-34.894z\" fill=\"#fff\"><\/path><\/svg>\t\t\t\t\t<\/a>\n\t\t\t\t<\/div>\n\t\t\t\t\t<\/div>\n\t\t\t\t<\/div>\n\t\t\t\t<\/div>\n\t\t\t\t\t<\/div>\n\t\t<\/div>\n\t\t\t\t\t\t\t<\/div>\n\t\t<\/section>\n\t\t\t\t<div class=\"elementor-element elementor-element-bfc2b61 elementor-widget elementor-widget-text-editor\" data-id=\"bfc2b61\" data-element_type=\"widget\" data-widget_type=\"text-editor.default\">\n\t\t\t\t<div class=\"elementor-widget-container\">\n\t\t\t\t\t<div class=\"elementor-text-editor elementor-clearfix\"><p>\u00a0<strong>FACEBOOK &#8211; INSTAGRAM -YOUTUBE<\/strong><\/p><\/div>\n\t\t\t\t<\/div>\n\t\t\t\t<\/div>\n\t\t\t\t\t<\/div>\n\t\t<\/div>\n\t\t\t\t\t\t\t<\/div>\n\t\t<\/section>\n\t\t\t\t<section class=\"elementor-section elementor-top-section elementor-element elementor-element-8bad1d4 elementor-section-boxed elementor-section-height-default elementor-section-height-default\" data-id=\"8bad1d4\" data-element_type=\"section\">\n\t\t\t\t\t\t<div class=\"elementor-container elementor-column-gap-default\">\n\t\t\t\t\t<div class=\"elementor-column elementor-col-100 elementor-top-column elementor-element elementor-element-78f444d\" data-id=\"78f444d\" data-element_type=\"column\">\n\t\t\t<div class=\"elementor-widget-wrap elementor-element-populated\">\n\t\t\t\t\t\t\t\t<div class=\"elementor-element elementor-element-3e15505 elementor-aspect-ratio-169 elementor-widget elementor-widget-video\" data-id=\"3e15505\" data-element_type=\"widget\" data-settings=\"{&quot;youtube_url&quot;:&quot;https:\\\/\\\/youtu.be\\\/j0GAtn4RYB4&quot;,&quot;video_type&quot;:&quot;youtube&quot;,&quot;controls&quot;:&quot;yes&quot;,&quot;aspect_ratio&quot;:&quot;169&quot;}\" data-widget_type=\"video.default\">\n\t\t\t\t<div class=\"elementor-widget-container\">\n\t\t\t\t\t<div class=\"elementor-wrapper elementor-fit-aspect-ratio elementor-open-inline\">\n\t\t\t<div class=\"elementor-video\"><\/div>\t\t<\/div>\n\t\t\t\t<\/div>\n\t\t\t\t<\/div>\n\t\t\t\t\t<\/div>\n\t\t<\/div>\n\t\t\t\t\t\t\t<\/div>\n\t\t<\/section>\n\t\t\t\t<section class=\"elementor-section elementor-top-section elementor-element elementor-element-13efda1a envato-kit-141-top-0 elementor-section-boxed elementor-section-height-default elementor-section-height-default\" data-id=\"13efda1a\" data-element_type=\"section\" data-settings=\"{&quot;background_background&quot;:&quot;classic&quot;}\">\n\t\t\t\t\t\t\t<div class=\"elementor-background-overlay\"><\/div>\n\t\t\t\t\t\t\t<div class=\"elementor-container elementor-column-gap-wider\">\n\t\t\t\t\t<div class=\"elementor-column elementor-col-100 elementor-top-column elementor-element elementor-element-30fd0466\" data-id=\"30fd0466\" data-element_type=\"column\">\n\t\t\t<div class=\"elementor-widget-wrap elementor-element-populated\">\n\t\t\t\t\t\t\t\t<div class=\"elementor-element elementor-element-7a7134c3 elementor-widget elementor-widget-heading\" data-id=\"7a7134c3\" data-element_type=\"widget\" data-settings=\"{&quot;_animation&quot;:&quot;none&quot;,&quot;_animation_delay&quot;:100}\" data-widget_type=\"heading.default\">\n\t\t\t\t<div class=\"elementor-widget-container\">\n\t\t\t<h2 class=\"elementor-heading-title elementor-size-default\">D\u00e9couvrez un vrai concept de coiffure enfant ! <\/h2>\t\t<\/div>\n\t\t\t\t<\/div>\n\t\t\t\t<div class=\"elementor-element elementor-element-298d08ea elementor-widget-divider--view-line elementor-invisible elementor-widget elementor-widget-divider\" data-id=\"298d08ea\" data-element_type=\"widget\" data-settings=\"{&quot;_animation&quot;:&quot;fadeIn&quot;,&quot;_animation_delay&quot;:150}\" data-widget_type=\"divider.default\">\n\t\t\t\t<div class=\"elementor-widget-container\">\n\t\t\t\t\t<div class=\"elementor-divider\">\n\t\t\t<span class=\"elementor-divider-separator\">\n\t\t\t\t\t\t<\/span>\n\t\t<\/div>\n\t\t\t\t<\/div>\n\t\t\t\t<\/div>\n\t\t\t\t<div class=\"elementor-element elementor-element-4b5a27c8 elementor-widget elementor-widget-heading\" data-id=\"4b5a27c8\" data-element_type=\"widget\" data-settings=\"{&quot;_animation&quot;:&quot;none&quot;,&quot;_animation_delay&quot;:200}\" data-widget_type=\"heading.default\">\n\t\t\t\t<div class=\"elementor-widget-container\">\n\t\t\t<h2 class=\"elementor-heading-title elementor-size-default\"><a href=\"https:\/\/www.youtube.com\/channel\/UCcYUeJtxaecyETnr8YDgHZw\">#Lateamenjoy chouchoute vos enfants dans un salon de coiffure qui a \u00e9t\u00e9 cr\u00e9\u00e9 rien que pour eux !<br><br>                  Nous sommes ravis de vous proposer des prestations sp\u00e9cialement pour vos kids : <br><br>Un espace coiffure spacieux et color\u00e9 ou chaque \u00e2ge y trouve sa place, des si\u00e8ges ultra sympas pour les plus petits, des jeux vid\u00e9os pour les plus grands et un espace Girly trop VIP pour les filles ! Tout est l\u00e0 pour que chacun passe un bon moment \ud83d\ude42 <br><br>Nous vous proposons \u00e9galement une prestation de per\u00e7age d'oreille. Vos kids sont en confiance gr\u00e2ce \u00e0 notre super \u00e9quipe, Aur\u00e9lie et Maeva sont disponible pour rassurer l'enfant et .. maman!Lol <br><br>Nous organisons \u00e9galement des ateliers shooting, des ateliers anniversaires ( coiffure et makeup ) et nous d\u00e9veloppons \u00e9galement une chaine YouTube remplie de tutos de coiffure pour vos princesses ! Coiffure de c\u00e9r\u00e9monies, coiffure d'\u00e9cole, coiffure tresse .. Le studio girly ! <br><br>D\u00e9couvrez tout \u00e7a sur notre site! N'h\u00e9sitez pas \u00e0 vous balader ! <br>\n\nA bient\u00f4t !\n#lateamenjoy, sp\u00e9cialiste des tresses et des coupes stylis\u00e9s !<\/a><\/h2>\t\t<\/div>\n\t\t\t\t<\/div>\n\t\t\t\t\t<\/div>\n\t\t<\/div>\n\t\t\t\t\t\t\t<\/div>\n\t\t<\/section>\n\t\t\t\t<section class=\"elementor-section elementor-top-section elementor-element elementor-element-3fe385be envato-kit-141-top-0 elementor-section-boxed elementor-section-height-default elementor-section-height-default\" data-id=\"3fe385be\" data-element_type=\"section\" data-settings=\"{&quot;background_background&quot;:&quot;classic&quot;}\">\n\t\t\t\t\t\t\t<div class=\"elementor-background-overlay\"><\/div>\n\t\t\t\t\t\t\t<div class=\"elementor-container elementor-column-gap-wider\">\n\t\t\t\t\t<div class=\"elementor-column elementor-col-100 elementor-top-column elementor-element elementor-element-5740e67c\" data-id=\"5740e67c\" data-element_type=\"column\">\n\t\t\t<div class=\"elementor-widget-wrap elementor-element-populated\">\n\t\t\t\t\t\t\t\t<div class=\"elementor-element elementor-element-1167362 elementor-widget elementor-widget-heading\" data-id=\"1167362\" data-element_type=\"widget\" data-settings=\"{&quot;_animation&quot;:&quot;none&quot;,&quot;_animation_delay&quot;:100}\" data-widget_type=\"heading.default\">\n\t\t\t\t<div class=\"elementor-widget-container\">\n\t\t\t<h2 class=\"elementor-heading-title elementor-size-default\">Horaires et acc\u00e8s<\/h2>\t\t<\/div>\n\t\t\t\t<\/div>\n\t\t\t\t<div class=\"elementor-element elementor-element-28a04334 elementor-widget-divider--view-line elementor-invisible elementor-widget elementor-widget-divider\" data-id=\"28a04334\" data-element_type=\"widget\" data-settings=\"{&quot;_animation&quot;:&quot;fadeIn&quot;,&quot;_animation_delay&quot;:200}\" data-widget_type=\"divider.default\">\n\t\t\t\t<div class=\"elementor-widget-container\">\n\t\t\t\t\t<div class=\"elementor-divider\">\n\t\t\t<span class=\"elementor-divider-separator\">\n\t\t\t\t\t\t<\/span>\n\t\t<\/div>\n\t\t\t\t<\/div>\n\t\t\t\t<\/div>\n\t\t\t\t\t<\/div>\n\t\t<\/div>\n\t\t\t\t\t\t\t<\/div>\n\t\t<\/section>\n\t\t\t\t<section class=\"elementor-section elementor-top-section elementor-element elementor-element-16022372 envato-kit-141-top-0 elementor-section-content-middle elementor-section-boxed elementor-section-height-default elementor-section-height-default\" data-id=\"16022372\" data-element_type=\"section\" data-settings=\"{&quot;background_background&quot;:&quot;classic&quot;,&quot;animation&quot;:&quot;none&quot;}\">\n\t\t\t\t\t\t\t<div class=\"elementor-background-overlay\"><\/div>\n\t\t\t\t\t\t\t<div class=\"elementor-container elementor-column-gap-custom\">\n\t\t\t\t\t<div class=\"elementor-column elementor-col-33 elementor-top-column elementor-element elementor-element-73fe9561\" data-id=\"73fe9561\" data-element_type=\"column\" data-settings=\"{&quot;animation&quot;:&quot;none&quot;}\">\n\t\t\t<div class=\"elementor-widget-wrap elementor-element-populated\">\n\t\t\t\t\t\t\t\t<div class=\"elementor-element elementor-element-645614c5 elementor-widget elementor-widget-google_maps\" data-id=\"645614c5\" data-element_type=\"widget\" data-settings=\"{&quot;_animation&quot;:&quot;none&quot;,&quot;_animation_delay&quot;:300}\" data-widget_type=\"google_maps.default\">\n\t\t\t\t<div class=\"elementor-widget-container\">\n\t\t\t<div class=\"elementor-custom-embed\"><iframe frameborder=\"0\" scrolling=\"no\" marginheight=\"0\" marginwidth=\"0\" src=\"https:\/\/maps.google.com\/maps?q=95%20Rue%20de%20la%20R%C3%A9publique%2C%2069330%20Meyzieu&amp;t=m&amp;z=18&amp;output=embed&amp;iwloc=near\" title=\"95 Rue de la R\u00e9publique, 69330 Meyzieu\" aria-label=\"95 Rue de la R\u00e9publique, 69330 Meyzieu\"><\/iframe><\/div>\t\t<\/div>\n\t\t\t\t<\/div>\n\t\t\t\t<section class=\"elementor-section elementor-inner-section elementor-element elementor-element-1378dc94 elementor-section-boxed elementor-section-height-default elementor-section-height-default\" data-id=\"1378dc94\" data-element_type=\"section\" data-settings=\"{&quot;animation&quot;:&quot;none&quot;}\">\n\t\t\t\t\t\t<div class=\"elementor-container elementor-column-gap-no\">\n\t\t\t\t\t<div class=\"elementor-column elementor-col-50 elementor-inner-column elementor-element elementor-element-38ad0a8d\" data-id=\"38ad0a8d\" data-element_type=\"column\" data-settings=\"{&quot;animation&quot;:&quot;none&quot;,&quot;animation_delay&quot;:150}\">\n\t\t\t<div class=\"elementor-widget-wrap elementor-element-populated\">\n\t\t\t\t\t\t\t\t<div class=\"elementor-element elementor-element-4c254069 elementor-icon-list--layout-traditional elementor-list-item-link-full_width elementor-widget elementor-widget-icon-list\" data-id=\"4c254069\" data-element_type=\"widget\" data-settings=\"{&quot;_animation&quot;:&quot;none&quot;}\" data-widget_type=\"icon-list.default\">\n\t\t\t\t<div class=\"elementor-widget-container\">\n\t\t\t\t\t<ul class=\"elementor-icon-list-items\">\n\t\t\t\t\t\t\t<li class=\"elementor-icon-list-item\">\n\t\t\t\t\t\t\t\t\t\t\t<span class=\"elementor-icon-list-icon\">\n\t\t\t\t\t\t\t<i aria-hidden=\"true\" class=\"fas fa-map-marker-alt\"><\/i>\t\t\t\t\t\t<\/span>\n\t\t\t\t\t\t\t\t\t\t<span class=\"elementor-icon-list-text\">95 Rue de la R\u00e9publique, 69330 Meyzieu<\/span>\n\t\t\t\t\t\t\t\t\t<\/li>\n\t\t\t\t\t\t\t\t<li class=\"elementor-icon-list-item\">\n\t\t\t\t\t\t\t\t\t\t\t<span class=\"elementor-icon-list-icon\">\n\t\t\t\t\t\t\t<i aria-hidden=\"true\" class=\"fas fa-phone\"><\/i>\t\t\t\t\t\t<\/span>\n\t\t\t\t\t\t\t\t\t\t<span class=\"elementor-icon-list-text\">09 80 45 99 67<\/span>\n\t\t\t\t\t\t\t\t\t<\/li>\n\t\t\t\t\t\t<\/ul>\n\t\t\t\t<\/div>\n\t\t\t\t<\/div>\n\t\t\t\t\t<\/div>\n\t\t<\/div>\n\t\t\t\t<div class=\"elementor-column elementor-col-50 elementor-inner-column elementor-element elementor-element-a643009\" data-id=\"a643009\" data-element_type=\"column\" data-settings=\"{&quot;animation&quot;:&quot;none&quot;,&quot;animation_delay&quot;:200}\">\n\t\t\t<div class=\"elementor-widget-wrap elementor-element-populated\">\n\t\t\t\t\t\t\t\t<div class=\"elementor-element elementor-element-487ca115 elementor-icon-list--layout-traditional elementor-list-item-link-full_width elementor-widget elementor-widget-icon-list\" data-id=\"487ca115\" data-element_type=\"widget\" data-settings=\"{&quot;_animation&quot;:&quot;none&quot;}\" data-widget_type=\"icon-list.default\">\n\t\t\t\t<div class=\"elementor-widget-container\">\n\t\t\t\t\t<ul class=\"elementor-icon-list-items\">\n\t\t\t\t\t\t\t<li class=\"elementor-icon-list-item\">\n\t\t\t\t\t\t\t\t\t\t\t<span class=\"elementor-icon-list-icon\">\n\t\t\t\t\t\t\t<i aria-hidden=\"true\" class=\"fas fa-parking\"><\/i>\t\t\t\t\t\t<\/span>\n\t\t\t\t\t\t\t\t\t\t<span class=\"elementor-icon-list-text\">Parking gratuit<\/span>\n\t\t\t\t\t\t\t\t\t<\/li>\n\t\t\t\t\t\t\t\t<li class=\"elementor-icon-list-item\">\n\t\t\t\t\t\t\t\t\t\t\t<span class=\"elementor-icon-list-icon\">\n\t\t\t\t\t\t\t<i aria-hidden=\"true\" class=\"fas fa-route\"><\/i>\t\t\t\t\t\t<\/span>\n\t\t\t\t\t\t\t\t\t\t<span class=\"elementor-icon-list-text\">A 25 minutes de Lyon (69)<\/span>\n\t\t\t\t\t\t\t\t\t<\/li>\n\t\t\t\t\t\t<\/ul>\n\t\t\t\t<\/div>\n\t\t\t\t<\/div>\n\t\t\t\t\t<\/div>\n\t\t<\/div>\n\t\t\t\t\t\t\t<\/div>\n\t\t<\/section>\n\t\t\t\t\t<\/div>\n\t\t<\/div>\n\t\t\t\t<div class=\"elementor-column elementor-col-33 elementor-top-column elementor-element elementor-element-4ce5ee0c envato-kit-141-newsletter-inline\" data-id=\"4ce5ee0c\" data-element_type=\"column\" data-settings=\"{&quot;background_background&quot;:&quot;classic&quot;,&quot;animation&quot;:&quot;none&quot;,&quot;animation_delay&quot;:200}\">\n\t\t\t<div class=\"elementor-widget-wrap elementor-element-populated\">\n\t\t\t\t\t\t\t\t<div class=\"elementor-element elementor-element-56978ef elementor-widget elementor-widget-text-editor\" data-id=\"56978ef\" data-element_type=\"widget\" data-widget_type=\"text-editor.default\">\n\t\t\t\t<div class=\"elementor-widget-container\">\n\t\t\t\t\t<div class=\"elementor-text-editor elementor-clearfix\"><p><strong>Lundi<\/strong><\/p><p><strong>\u00a0<\/strong><\/p><p><strong>Mardi<\/strong><\/p><p><strong>\u00a0<\/strong><\/p><p><strong>Mercredi<\/strong><\/p><p><strong>\u00a0<\/strong><\/p><p><strong>Jeudi<\/strong><\/p><p><strong>\u00a0<\/strong><\/p><p><strong>Vendredi<\/strong><\/p><p><strong>\u00a0<\/strong><\/p><p><strong>Samedi<\/strong><\/p><p><strong>\u00a0<\/strong><\/p><p><strong>Dimanche<\/strong><\/p><\/div>\n\t\t\t\t<\/div>\n\t\t\t\t<\/div>\n\t\t\t\t\t<\/div>\n\t\t<\/div>\n\t\t\t\t<div class=\"elementor-column elementor-col-33 elementor-top-column elementor-element elementor-element-ac4f760\" data-id=\"ac4f760\" data-element_type=\"column\">\n\t\t\t<div class=\"elementor-widget-wrap elementor-element-populated\">\n\t\t\t\t\t\t\t\t<div class=\"elementor-element elementor-element-1d74fe4 elementor-widget elementor-widget-text-editor\" data-id=\"1d74fe4\" data-element_type=\"widget\" data-settings=\"{&quot;_animation&quot;:&quot;none&quot;}\" data-widget_type=\"text-editor.default\">\n\t\t\t\t<div class=\"elementor-widget-container\">\n\t\t\t\t\t<div class=\"elementor-text-editor elementor-clearfix\"><p>Ferm\u00e9<\/p><p>\u00a0<\/p><p>09:20 &#8211; 12:00 \/ 14:30 &#8211; 19:00<\/p><p>\u00a0<\/p><p>09:00 &#8211; 19:00<\/p><p>\u00a0<\/p><p>14:30 &#8211; 19:00<\/p><p>\u00a0<\/p><p>09:20 &#8211; 12:00 \/ 14:30 &#8211; 19:00<\/p><p>\u00a0<\/p><p>09:00 &#8211; 17:40<\/p><p>\u00a0<\/p><p>Ferm\u00e9<\/p><\/div>\n\t\t\t\t<\/div>\n\t\t\t\t<\/div>\n\t\t\t\t\t<\/div>\n\t\t<\/div>\n\t\t\t\t\t\t\t<\/div>\n\t\t<\/section>\n\t\t\t\t\t\t<\/div>\n\t\t\t\t\t<\/div>\n\t\t","protected":false},"excerpt":{"rendered":"<p>Prendre rendez-vous en ligne MEYZIEU \u00a0FACEBOOK &#8211; INSTAGRAM -YOUTUBE https:\/\/youtu.be\/j0GAtn4RYB4 D\u00e9couvrez un vrai concept de coiffure enfant ! #Lateamenjoy chouchoute vos enfants dans un salon de coiffure qui a \u00e9t\u00e9 cr\u00e9\u00e9 rien que pour eux ! Nous sommes ravis de vous proposer des prestations sp\u00e9cialement pour vos kids : Un espace coiffure spacieux et color\u00e9&#8230;<\/p>\n","protected":false},"author":1,"featured_media":0,"parent":0,"menu_order":0,"comment_status":"closed","ping_status":"closed","template":"","meta":{"_themeisle_gutenberg_block_has_review":false,"_kad_post_transparent":"","_kad_post_title":"hide","_kad_post_layout":"fullwidth","_kad_post_sidebar_id":"","_kad_post_content_style":"unboxed","_kad_post_vertical_padding":"hide","_kad_post_feature":"hide","_kad_post_feature_position":"","_kad_post_header":false,"_kad_post_footer":false},"_links":{"self":[{"href":"https:\/\/meyzieu.enjoycoiffure.fr\/index.php\/wp-json\/wp\/v2\/pages\/72"}],"collection":[{"href":"https:\/\/meyzieu.enjoycoiffure.fr\/index.php\/wp-json\/wp\/v2\/pages"}],"about":[{"href":"https:\/\/meyzieu.enjoycoiffure.fr\/index.php\/wp-json\/wp\/v2\/types\/page"}],"author":[{"embeddable":true,"href":"https:\/\/meyzieu.enjoycoiffure.fr\/index.php\/wp-json\/wp\/v2\/users\/1"}],"replies":[{"embeddable":true,"href":"https:\/\/meyzieu.enjoycoiffure.fr\/index.php\/wp-json\/wp\/v2\/comments?post=72"}],"version-history":[{"count":238,"href":"https:\/\/meyzieu.enjoycoiffure.fr\/index.php\/wp-json\/wp\/v2\/pages\/72\/revisions"}],"predecessor-version":[{"id":994,"href":"https:\/\/meyzieu.enjoycoiffure.fr\/index.php\/wp-json\/wp\/v2\/pages\/72\/revisions\/994"}],"wp:attachment":[{"href":"https:\/\/meyzieu.enjoycoiffure.fr\/index.php\/wp-json\/wp\/v2\/media?parent=72"}],"curies":[{"name":"wp","href":"https:\/\/api.w.org\/{rel}","templated":true}]}}